{"id":17,"date":"2022-02-24T14:11:37","date_gmt":"2022-02-24T14:11:37","guid":{"rendered":"https:\/\/icwe-project.eu\/?page_id=17"},"modified":"2025-08-07T16:23:00","modified_gmt":"2025-08-07T14:23:00","slug":"about","status":"publish","type":"page","link":"https:\/\/icwe-project.eu\/it\/about\/","title":{"rendered":"Informazioni su"},"content":{"rendered":"<div>\n<p>A fronte delle crescenti tendenze all'invecchiamento della popolazione e dell'aspettativa di vita, nonch\u00e9 delle carenze e delle lacune del sistema di assistenza a lungo termine (LTC) in Europa, il progetto ICWE si concentra sul benessere dei caregiver informali (IC) e sul sostegno alle informazioni e alle competenze pratiche per agevolare il loro ruolo di caregiver.<\/p>\n<\/div>\n<h2>Finalit\u00e0 e obiettivi<\/h2>\n<div>\n<p>Il progetto intende migliorare le condizioni dei CI nel loro ruolo di caregiver, rispondendo alle loro esigenze di informazione e formazione, di supporto professionale, di comunicazione efficace con i professionisti dell'assistenza, e di miglioramento del benessere.<\/p>\n<\/div>\n<h2>Obiettivi specifici<\/h2>\n<div>\n<p>\u2022 Responsabilizzare i caregiver informali e gli educatori\/operatori di assistenza agli adulti per rispondere meglio ai bisogni di sostegno e benessere dei CI nella loro vita<br \/>\u2022 Capacitare i CI nel loro ruolo di assistenti e affrontare il benessere come fattore principale da considerare.<br \/>\u2022 Formare il personale per il loro lavoro con i CI<br \/>\u2022 Sviluppare strumenti e risorse pratiche per facilitare il raggiungimento degli obiettivi precedenti.<\/p>\n<\/div>\n<h2>Risultati<\/h2>\n<div>\n<p>\u2192 Risorse, strumenti e informazioni per gli IC, gli operatori sanitari e le organizzazioni LTC,<br \/>\u2192 Programma di formazione per educatori per adulti e personale di assistenza<br \/>\u2192 Toolkit per gli IC<\/p>\n<\/div>\n<p><img decoding=\"async\" src=\"\/wp-content\/uploads\/2024\/06\/about-img1.png\" alt=\"\"><\/p>\n<h2>Partner<\/h2>\n<ul>\n<li>\n<p>        <img decoding=\"async\" src=\"\/wp-content\/uploads\/2024\/06\/Partner1-logo.png\" alt=\"\"><\/p>\n<h2>Rightchallenge &#8211; Associa\u00e7\u00e3o <\/h2>\n<div>\n<p>RightChallenge \u00e8 una ONG che mira a promuovere l'istruzione e la formazione professionale come strumento di inclusione sociale. Crediamo che l'istruzione debba concentrarsi sullo sviluppo di tutte le persone - indipendentemente dallo status sociale, dall'et\u00e0 o dal genere - per prepararle a partecipare a tutte le dimensioni della societ\u00e0. Uno dei nostri pilastri \u00e8 l'apprendimento permanente, che riteniamo essenziale per uno sviluppo sostenibile, promuovendo una cittadinanza attiva e democratica.\nPuntiamo alla qualit\u00e0 e all'accesso all'istruzione non formale e a superare i deficit di accesso all'apprendimento permanente, promuovendo al contempo la valorizzazione del capitale umano e la creazione di valore nelle organizzazioni attraverso servizi di formazione integrati.<br \/>We aim the quality and access to non-formal education and overcome the deficits of access to lifelong learning while promoting the enhancement of human capital and the creation of value in organizations through integrated training services.<\/p>\n<p>Website:<a href=\"http:\/\/www.rightchallenge.org\"> www.rightchallenge.org<\/a><\/p>\n<\/div>\n<\/li>\n<li>\n<p>        <img decoding=\"async\" src=\"\/wp-content\/uploads\/2024\/06\/EXEOLAB.png\" alt=\"\"><\/p>\n<h2>Exeo Lab Srl<\/h2>\n<div>\n<p>Exeo Lab \u00e8 una giovane azienda polivalente e flessibile che immagina una societ\u00e0 guidata dalla sostenibilit\u00e0. Exeo Lab lavora per dimostrare che lo sviluppo locale \u00e8 la chiave per attrarre progetti, competenze, opportunit\u00e0 e reti per la crescita della comunit\u00e0. Exeo Lab \u00e8 una partnership di specialisti di politiche, i cui membri fondatori vantano un'esperienza decennale nei servizi di consulenza a enti pubblici e privati. Il suo campo di competenza \u00e8 la ricerca e l'analisi territoriale attraverso strumenti e tecnologie innovative, al fine di supportare la progettazione di politiche per la pubblica amministrazione a livello nazionale e regionale, in particolare nei settori innovativi ed emergenti. Inoltre, Exeo Lab fornisce alle PMI e alle startup innovative un'assistenza avanzata nel campo dello sviluppo del business, delle strategie di investimento, del trasferimento tecnologico e della R&amp;S: Exeo Lab \u00e8 specializzato in diverse aree chiave, tra cui l'elaborazione di politiche per programmi di sviluppo territoriale cofinanziati da fondi europei e nazionali. Offre inoltre supporto alle PMI nella pianificazione e gestione delle strategie di sviluppo aziendale per la competitivit\u00e0 sul mercato locale e internazionale. Nel campo dell'imprenditoria sociale, Exeo Lab fornisce consulenza e tutoraggio su misura a giovani startupper e individui vulnerabili per la creazione di nuove imprese sociali e la fornitura di servizi sociali innovativi, in particolare nelle aree rurali e periferiche. Inoltre, assiste le imprese nell'identificazione e nell'accesso a nuovi mercati attraverso la sua vasta rete commerciale internazionale. Inoltre, Exeo Lab partecipa attivamente a progetti regionali, nazionali e transnazionali incentrati sulla creazione di opportunit\u00e0 di sviluppo, in particolare per quanto riguarda l'imprenditorialit\u00e0, l'inclusione sociale e l'integrazione lavorativa.<\/p>\n<p>Website:<a href=\"http:\/\/www.exeolab.it\/en\/\"> www.exeolab.it\/en\/<\/a><\/p>\n<\/div>\n<\/li>\n<li>\n<p>        <img decoding=\"async\" src=\"\/wp-content\/uploads\/2024\/06\/EHFF.png\" alt=\"\"><\/p>\n<h2>European Health Futures Forum<\/h2>\n<div>\n<p>EHFF, the European Health Futures Forum was set up in 2013 as an NGO dedicated to supporting actions leading to the improvement of the health of the citizens of Europe. Initially incorporated in the UK as a not-for-profit organisation, in 2017 it established itself in Ireland and is now a registered Charity.<br \/>\nImportant aspects of its stated mission include: to provide the forum as a resource for stakeholders to seek, process and exchange knowledge and information to influence the future of health and healthcare in Europe especially via international cooperation, support current EU policy directions and provide a better understanding of future possibilities in this area to EU and national policy makers. Secondly, to promote a holistic view of health including the promotion of disease prevention and the maintenance of good health, as part of societal well-being and to focus on the potential for transformational change through health, education and business working together.<br \/>\nThese aims have been put into practice via participation in a number of EU funded projects. Recently, funded by the Bosch Stiftung, EHFF set up a European resource center for patient and community empowerment (www.CEmPaC.org ). Empowering informal careers and adult educators\/care workers to better address ICs needs for support and well-being in their lives is entirely consistent with the activities of the latter organisation.<\/p>\n<p>Website:<a href=\"http:\/\/www.ehff.eu\/en\/\"> www.ehff.eu<\/a><\/p>\n<\/div>\n<\/li>\n<li>\n<p>        <img decoding=\"async\" src=\"\/wp-content\/uploads\/2024\/06\/edra_logo_%CE%95%CE%9D_horizontal.png\" alt=\"\"><\/p>\n<h2>EDRA<\/h2>\n<div>\n<p>K.S.D.E.O. \u201cEDRA\u201d (Attivit\u00e0 di Cooperativa Sociale per Gruppi Vulnerabili) \u00e8 un'Organizzazione Non Profit, attiva dal 2001 per promuovere la salute mentale e tutelare i diritti dei gruppi vulnerabili. EDRA fornisce servizi di salute mentale e sensibilizza l'opinione pubblica su questioni riguardanti la salute mentale, sostiene il bambino e la famiglia nell'affrontare le difficolt\u00e0 di apprendimento, interviene terapeuticamente nel campo dell'educazione speciale e della disabilit\u00e0 intellettiva, sviluppa iniziative nazionali ed europee per i gruppi socialmente vulnerabili, offre programmi di formazione permanente per tutti i gruppi della popolazione. EDRA ha una vasta esperienza nella gestione e nel coordinamento di progetti a livello nazionale e comunitario, incentrati sul sostegno di vari gruppi svantaggiati.<\/p>\n<p>Website:<a href=\"http:\/\/edra-coop.gr\/el\"> edra-coop.gr\/el<\/a><\/p>\n<\/div>\n<\/li>\n<li>\n<p>        <img decoding=\"async\" src=\"\/wp-content\/uploads\/2024\/06\/CARDET-logo.png\" alt=\"\"><\/p>\n<h2>CENTRE FOR ADVANCEMENT OF RESEARCH AND DEVELOPMENT IN EDUCATIONAL TECHNOLOGY LTD<\/h2>\n<div>\n<p>CARDET (\u201cCentro per l'avanzamento della ricerca e dello sviluppo nelle tecnologie educative\u201d) \u00e8 un'organizzazione di ricerca e sviluppo indipendente, non governativa e senza scopo di lucro, con sede a Cipro. \u00c8 uno dei principali centri di ricerca e sviluppo della regione euro-mediterranea, con competenze globali nella progettazione e nell'implementazione di progetti, nello sviluppo di capacit\u00e0 e nell'e-learning. La missione del centro \u00e8 ispirare l'istruzione di nuova generazione e promuovere la ricerca, l'innovazione e lo sviluppo attraverso pratiche basate sull'evidenza, ricerca all'avanguardia e persone potenziate. Il CARDET \u00e8 affiliato in modo indipendente a universit\u00e0 e istituzioni di tutto il mondo, come l'Universit\u00e0 di Nicosia e l'International Council of Educational Media. Il CARDET \u00e8 certificato ISO 9001 per la qualit\u00e0 della gestione, della ricerca e dei servizi educativi. Il Centro ha una lunga esperienza nell'apprendimento digitale, nelle scuole virtuali e nell'istruzione online e ha sviluppato e implementato progetti di istruzione scolastica e condotto valutazioni su larga scala di programmi educativi in tutto il mondo. <\/p>\n<p>Website:<a href= \"https:\/\/www.cardet.org\"> www.cardet.org<\/a><\/p>\n<\/div>\n<\/li>\n<li>\n<p>        <img decoding=\"async\" src=\"\/wp-content\/uploads\/2024\/06\/iserundschmidt.png\" alt=\"\"><\/p>\n<h2>iserundschmidt GmbH<\/h2>\n<div>\n<p>iserundschmidt GmbH \u00e8 una societ\u00e0 specializzata nella ricerca sulla comunicazione della scienza e della conoscenza in Germania. Da oltre 25 anni l'agenzia fornisce consulenza strategica, sviluppa campagne e produzioni indipendenti. La gamma di clienti spazia dai ministeri federali e dall'Unione Europea alle organizzazioni di ricerca e alle fondazioni, fino alle grandi aziende. L'azienda ha una grande esperienza nel coinvolgimento del pubblico nei processi scientifici, con particolare attenzione al coinvolgimento dei cittadini. iserundschmidt ha una vasta esperienza nel campo dell'istruzione, dei progetti per giovani e anziani, dei servizi informatici, dei media online e digitali. La missione di iserundschmidt \u00e8 portare la comunicazione e l'educazione alla conoscenza nel contesto della cultura. Oltre a questa esperienza, iserundschmidt ha organizzato un gran numero di conferenze scientifiche ed eventi parlamentari, come colloqui strategici, conferenze, interventi di esperti, seminari con esperti, accademici, responsabili politici, istituzioni pubbliche, ministeri e ONG. L'azienda \u00e8 coinvolta e coordina diversi progetti Erasmus plus e Horizon 2020. <\/p>\n<p>Website:<a href= \"https:\/\/www.iserundschmidt.de\/en\/\"> www.iserundschmidt.de\/en<\/a><\/p>\n<\/div>\n<\/li>\n<\/ul>\n<p><!--more--><br \/>\n<!-- {\"type\":\"layout\",\"children\":[{\"type\":\"section\",\"props\":{\"animation\":\"slide-bottom-small\",\"animation_delay\":\"100\",\"image_position\":\"center-center\",\"padding\":\"xsmall\",\"style\":\"default\",\"title_breakpoint\":\"xl\",\"title_position\":\"top-left\",\"title_rotation\":\"left\",\"vertical_align\":\"middle\",\"width\":\"default\"},\"children\":[{\"type\":\"row\",\"props\":{\"layout\":\"2-3,1-3\"},\"children\":[{\"type\":\"column\",\"props\":{\"image_position\":\"center-center\",\"position_sticky_breakpoint\":\"m\",\"width_medium\":\"2-3\"},\"children\":[{\"type\":\"headline\",\"props\":{\"text_align\":\"left\",\"title_color\":\"success\",\"title_element\":\"h1\"},\"name\":\"About\",\"source\":{\"query\":{\"name\":\"pages.singlePage\"},\"props\":{\"content\":{\"filters\":{\"search\":\"\"},\"name\":\"title\"}}}},{\"type\":\"text\",\"props\":{\"column_breakpoint\":\"m\",\"content\":\"\n\n<p>With the growing trends in ageing population and life expectancy and the flaws and gaps of the long-term care (LTC) system in Europe, the ICWE project focuses on Informal Carers\\u2019 (ICs) well-being and support for information and practical skills to facilitate their role as caretakers.<\\\/p>\",\"margin\":\"default\",\"text_style\":\"lead\"}},{\"type\":\"headline\",\"props\":{\"content\":\"Aims and Objectives\",\"title_color\":\"success\",\"title_element\":\"h2\"},\"name\":\"Aims and Objectives\"},{\"type\":\"text\",\"props\":{\"column_breakpoint\":\"m\",\"content\":\"\n\n<p>The project aims to improve the conditions of ICs in their role as caretakers by addressing their needs for information and training, professional support, effective communication with care professionals, and improved well-being.<\\\/p>\",\"margin\":\"default\",\"text_style\":\"lead\"}},{\"type\":\"headline\",\"props\":{\"content\":\"Specific Objectives\",\"title_color\":\"success\",\"title_element\":\"h2\"},\"name\":\"Specific Objectives\"},{\"type\":\"text\",\"props\":{\"column_breakpoint\":\"m\",\"content\":\"\n\n<p>\\u2022 Empowering informal carers and adult educators\\\/care workers to better address ICs needs for support and well-being in their lives<br \\\/>\\u2022 Capacitating ICs in their role of caretakers and addressing well-being as a main factor to be considered<br \\\/>\\u2022 Capacitating care workers for their work with ICs<br \\\/>\\u2022 Developing practical tools and resources to facilitate the achievement of the previous goals<\\\/p>\",\"margin\":\"default\",\"text_style\":\"lead\"}},{\"type\":\"headline\",\"props\":{\"content\":\"Results\",\"title_color\":\"success\",\"title_element\":\"h2\"},\"name\":\"Results \"},{\"type\":\"text\",\"props\":{\"column_breakpoint\":\"m\",\"content\":\"\n\n<p>\\u2192 Resources, tools, and information for ICs, care workers, and LTC organisations,<br \\\/>\\u2192 Training Program for adult educators and care workers<br \\\/>\\u2192 Toolkit for ICs<\\\/p>\",\"margin\":\"default\",\"text_style\":\"lead\"}}]},{\"type\":\"column\",\"props\":{\"image_position\":\"center-center\",\"position_sticky_breakpoint\":\"m\",\"width_medium\":\"1-3\"},\"children\":[{\"type\":\"image\",\"props\":{\"blend\":false,\"class\":\"aboutp-img\",\"image\":\"wp-content\\\/uploads\\\/2024\\\/06\\\/about-img1.png\",\"image_svg_color\":\"emphasis\",\"margin\":\"default\",\"position\":\"relative\",\"position_bottom\":\"-10\"}}]}]}],\"name\":\"About-sec\"},{\"type\":\"section\",\"props\":{\"animation\":\"slide-left-medium\",\"animation_delay\":\"200\",\"css\":\".el-section {\\n    \",\"image\":\"wp-content\\\/uploads\\\/2024\\\/06\\\/p-bg-icons.png\",\"image_position\":\"center-center\",\"padding_remove_top\":false,\"style\":\"primary\",\"title_breakpoint\":\"xl\",\"title_position\":\"top-left\",\"title_rotation\":\"left\",\"vertical_align\":\"middle\",\"width\":\"default\"},\"children\":[{\"type\":\"row\",\"children\":[{\"type\":\"column\",\"props\":{\"image_position\":\"center-center\",\"position_sticky_breakpoint\":\"m\"},\"children\":[{\"type\":\"headline\",\"props\":{\"blend\":false,\"class\":\"aboutp-h1\",\"content\":\"PARTNERS\",\"css\":\".el-element {\\n    text-transform:uppercase;\\n}\",\"margin\":\"default\",\"margin_remove_bottom\":false,\"margin_remove_top\":false,\"position_left\":\"0\",\"position_top\":\"0\",\"text_align\":\"left\",\"title_color\":\"success\",\"title_element\":\"h2\"}},{\"type\":\"panel-slider\",\"props\":{\"class\":\"about-ps\",\"content_column_breakpoint\":\"m\",\"content_style\":\"text-lead\",\"icon_width\":80,\"image_align\":\"right\",\"image_grid_breakpoint\":\"m\",\"image_grid_width\":\"1-3\",\"image_svg_color\":\"emphasis\",\"image_text_color\":\"dark\",\"link_style\":\"\",\"link_target\":true,\"link_text\":\"Website: www.rightchallenge.org\",\"margin\":\"default\",\"meta_align\":\"below-title\",\"meta_element\":\"div\",\"meta_style\":\"\",\"nav\":\"dotnav\",\"nav_align\":\"center\",\"nav_breakpoint\":\"s\",\"panel_link\":false,\"panel_match\":true,\"panel_padding\":\"large\",\"panel_style\":\"card-default\",\"show_content\":true,\"show_hover_image\":true,\"show_hover_video\":true,\"show_image\":true,\"show_link\":true,\"show_meta\":true,\"show_title\":true,\"show_video\":true,\"slidenav\":\"outside\",\"slidenav_breakpoint\":\"xl\",\"slidenav_large\":true,\"slidenav_margin\":\"medium\",\"slidenav_outside_breakpoint\":\"xl\",\"slider_autoplay_pause\":true,\"slider_center\":false,\"slider_gap\":\"default\",\"slider_width\":\"fixed\",\"slider_width_default\":\"1-1\",\"slider_width_large\":\"1-1\",\"slider_width_medium\":\"\",\"title_align\":\"top\",\"title_color\":\"warning\",\"title_element\":\"h2\",\"title_grid_breakpoint\":\"m\",\"title_grid_width\":\"1-2\",\"title_hover_style\":\"reset\",\"title_link\":true},\"children\":[{\"type\":\"panel-slider_item\",\"props\":{\"content\":\"\n\n<p>RightChallenge is an NGO that aims to promote education and vocational training as a means of social inclusion. We believe that education should focus on the development of all people \\u2013 regardless of social status, age or gender \\u2013 to prepare them to participate in all dimensions of society. One of our pillars is lifelong learning, as we believe is essential for a sustainable development, promoting active and democratic citizenship.<br \\\/>We aim the quality and access to non-formal education and overcome the deficits of access to lifelong learning while promoting the enhancement of human capital and the creation of value in organizations through integrated training services.<\\\/p>\\n\n\n<p>Website:<a href=http:\\\/\\\/www.rightchallenge.org> www.rightchallenge.org<\\\/a><\\\/p>\",\"image\":\"wp-content\\\/uploads\\\/2024\\\/06\\\/Partner1-logo.png\",\"title\":\"Rightchallenge - Associa\\u00e7\\u00e3o \"}},{\"type\":\"panel-slider_item\",\"props\":{\"content\":\"\n\n<p>Exeo Lab is a multivalent, flexible young company that envisions a sustainability-driven society. Exeo Lab is working to demonstrate that local development is the key to attracting projects, skills, opportunities and networks for community growth. Exeo Lab is a partnership of policy specialists, whose founding members have more than a decade of actual experience in consulting services to public and private entities. Its field of expertise lies with research and territorial analysis through innovative tools and technologies, in order to support policy design for public administration at the national and regional level and especially in the innovative and emerging sectors. Also, Exeo Lab provides SMEs and innovative startups with advanced assistance in the field of business development, investment strategies, technology transfer and R&amp;S: Exeo Lab specializes in several key areas, including policy development for territorial development programs co-financed by European and National Funds. They also offer support to SMEs in planning and managing business development strategies for local and international market competitiveness. In the field of social entrepreneurship, Exeo Lab provides tailored advice and mentoring to young startuppers and vulnerable individuals for establishing new social enterprises and delivering innovative social services, particularly in rural and peripheral areas. Additionally, they assist enterprises in identifying and accessing new markets through their extensive international business network. Moreover, Exeo Lab actively participates in regional, national, and transnational projects focused on creating developmental opportunities, especially related to entrepreneurship, social inclusion, and work integration.<\\\/p>\\n\n\n<p>Website:<a href=http:\\\/\\\/www.exeolab.it\\\/en\\\/> www.exeolab.it\\\/en\\\/<\\\/a><\\\/p>\",\"image\":\"wp-content\\\/uploads\\\/2024\\\/06\\\/EXEOLAB.png\",\"title\":\"Exeo Lab Srl\"}},{\"type\":\"panel-slider_item\",\"props\":{\"content\":\"\n\n<p>EHFF, the European Health Futures Forum was set up in 2013 as an NGO dedicated to supporting actions leading to the improvement of the health of the citizens of Europe. Initially incorporated in the UK as a not-for-profit organisation, in 2017 it established itself in Ireland and is now a registered Charity.\\nImportant aspects of its stated mission include: to provide the forum as a resource for stakeholders to seek, process and exchange knowledge and information to influence the future of health and healthcare in Europe especially via international cooperation, support current EU policy directions and provide a better understanding of future possibilities in this area to EU and national policy makers. Secondly, to promote a holistic view of health including the promotion of disease prevention and the maintenance of good health, as part of societal well-being and to focus on the potential for transformational change through health, education and business working together.\\nThese aims have been put into practice via participation in a number of EU funded projects. Recently, funded by the Bosch Stiftung, EHFF set up a European resource center for patient and community empowerment (www.CEmPaC.org ). Empowering informal careers and adult educators\\\/care workers to better address ICs needs for support and well-being in their lives is entirely consistent with the activities of the latter organisation.<\\\/p>\\n\n\n<p>Website:<a href=http:\\\/\\\/www.ehff.eu\\\/en\\\/> www.ehff.eu<\\\/a><\\\/p>\",\"image\":\"wp-content\\\/uploads\\\/2024\\\/06\\\/EHFF.png\",\"title\":\"European Health Futures Forum\"}},{\"type\":\"panel-slider_item\",\"props\":{\"content\":\"\n\n<p>K.S.D.E.O. \\u201cEDRA\\u201d (Social Cooperative Activities for Vulnerable Groups\\u201d) is a Nonprofit Organisation, which has been active since 2001 to promote mental health and protect the rights of vulnerable groups. EDRA provides mental health services and raises public awareness in matters concerning mental health, supports the child and the family to cope with learning difficulties, intervenes therapeutically in the field of special education and Intellectual disability, develops national and European initiatives for socially vulnerable groups, provides lifelong training programs for all population groups. EDRA has extensive experience in managing and coordinating projects at national and EU level, focusing on the support of various disadvantaged groups.<\\\/p>\\n\n\n<p>Website:<a href=http:\\\/\\\/edra-coop.gr\\\/el> edra-coop.gr\\\/el<\\\/a><\\\/p>\",\"image\":\"wp-content\\\/uploads\\\/2024\\\/06\\\/edra_logo_\\u0395\\u039d_horizontal.png\",\"title\":\"EDRA\"}},{\"type\":\"panel-slider_item\",\"props\":{\"content\":\"\n\n<p>CARDET (Centre for Advancement of Research and Development in Educational Technology) is an independent, non-profit, non-governmental, research and development organization based in Cyprus. It is one of the leading research and development centres in the Euro-Mediterranean region, with global expertise in project design and implementation, capacity building, and e-learning. The centre\\u2019s mission is to inspire next-generation education, and promote research, innovation, and development through evidence-based practices, cutting-edge research, and empowered people. CARDET is independently affiliated with universities and institutions from around the world, such as the University of Nicosia, and the International Council of Educational Media. CARDET is ISO 9001 certified for quality in management, research, and education services. The Centre has a long-standing experience in digital learning, virtual schools, and online education and has developed and implemented school education projects and conducted large scale evaluations of education programs around the world. <\\\/p>\\n\n\n<p>Website:<a href= https:\\\/\\\/www.cardet.org> www.cardet.org<\\\/a><\\\/p>\",\"image\":\"wp-content\\\/uploads\\\/2024\\\/06\\\/CARDET-logo.png\",\"title\":\"CENTRE FOR ADVANCEMENT OF RESEARCH AND DEVELOPMENT IN EDUCATIONAL TECHNOLOGY LTD\"}},{\"type\":\"panel-slider_item\",\"props\":{\"content\":\"\n\n<p>iserundschmidt GmbH is a company specialized in science and knowledge communication research in Germany. The agency has been providing strategic advice, developing campaigns and independent productions for over 25 years. The spectrum of clients ranges from federal ministries and the European Union to research organizations and foundations to large companies. The company is highly experienced in public engagement with science processes with a focus on citizen engagement. iserundschmidt has extensive experiences in education, youth and senior projects, IT services, online and digital media. iserundschmidt\\u2019s mission is to bring knowledge communication and education in the context of culture. Beside this expertise, iserundschmidt organized a big number of scientific conferences and parliamentary events, like strategical talks, conferences, expert speeches, seminars with experts, academicians, policy makers, public institutions, ministries and NGO\\u2019s. The company is involved and coordinates several Erasmus plus and Horizon 2020 projects. <\\\/p>\\n\n\n<p>Website:<a href= https:\\\/\\\/www.iserundschmidt.de\\\/en\\\/> www.iserundschmidt.de\\\/en<\\\/a><\\\/p>\",\"image\":\"wp-content\\\/uploads\\\/2024\\\/06\\\/iserundschmidt.png\",\"title\":\"iserundschmidt GmbH\"}}]}]}]}],\"name\":\"PARTNERS-sec\"}],\"version\":\"4.5.24\"} --><\/p>","protected":false},"excerpt":{"rendered":"<p>With the growing trends in ageing population and life expectancy and the flaws and gaps of the long-term care (LTC) system in Europe, the ICWE..<\/p>","protected":false},"author":1,"featured_media":0,"parent":0,"menu_order":0,"comment_status":"closed","ping_status":"closed","template":"","meta":{"_acf_changed":false,"inline_featured_image":false,"footnotes":""},"class_list":["post-17","page","type-page","status-publish","hentry"],"acf":[],"_links":{"self":[{"href":"https:\/\/icwe-project.eu\/it\/wp-json\/wp\/v2\/pages\/17","targetHints":{"allow":["GET"]}}],"collection":[{"href":"https:\/\/icwe-project.eu\/it\/wp-json\/wp\/v2\/pages"}],"about":[{"href":"https:\/\/icwe-project.eu\/it\/wp-json\/wp\/v2\/types\/page"}],"author":[{"embeddable":true,"href":"https:\/\/icwe-project.eu\/it\/wp-json\/wp\/v2\/users\/1"}],"replies":[{"embeddable":true,"href":"https:\/\/icwe-project.eu\/it\/wp-json\/wp\/v2\/comments?post=17"}],"version-history":[{"count":65,"href":"https:\/\/icwe-project.eu\/it\/wp-json\/wp\/v2\/pages\/17\/revisions"}],"predecessor-version":[{"id":1128,"href":"https:\/\/icwe-project.eu\/it\/wp-json\/wp\/v2\/pages\/17\/revisions\/1128"}],"wp:attachment":[{"href":"https:\/\/icwe-project.eu\/it\/wp-json\/wp\/v2\/media?parent=17"}],"curies":[{"name":"wp","href":"https:\/\/api.w.org\/{rel}","templated":true}]}}