{"id":19,"date":"2022-02-24T14:11:38","date_gmt":"2022-02-24T14:11:38","guid":{"rendered":"https:\/\/icwe-project.eu\/?page_id=19"},"modified":"2026-03-05T08:55:49","modified_gmt":"2026-03-05T06:55:49","slug":"resources","status":"publish","type":"page","link":"https:\/\/icwe-project.eu\/pt\/resources\/","title":{"rendered":"Recursos"},"content":{"rendered":"<h1>Reservat\u00f3rio de recursos e ferramentas<\/h1>\n<div>\n<p>This is a collection of local\/national and international resources and organisations that can help Informal Carers.<\/p>\n<\/div>\n<p><img decoding=\"async\" src=\"\/wp-content\/uploads\/2025\/02\/Collection-of-resources-tools.png\" alt=\"\"><\/p>\n<h4><a href=\"https:\/\/icwe-project.eu\/wp-content\/uploads\/2025\/02\/ICWE_Infographic_PT.pdf\">Infographic<\/a><\/h4>\n<h4><a href=\"https:\/\/icwe-project.eu\/wp-content\/uploads\/2025\/11\/ICWE-Summary-LTTA_PT.pdf\">LTTA Summary Report<\/a><\/h4>\n<h4><a href=\"\/pt\/resources\/additional-resources\/\">Additional Resources<\/a><\/h4>\n<h4>Youtube Channel Links<\/h4>\n<ul>\n<li>\n<h4>Introduction to the ICWE Project \u2014 Empowering Informal Carers for Better Well-Being<\/h4>\n<p><a href=\"https:\/\/www.youtube.com\/watch?v=exH5oUD-it4&#038;list=PLZnuGBqr9W-juU9_4eRqI57T75sEi6xpM&#038;index=7\">WATCH VIDEO  \u2192 <\/a><\/p>\n<\/li>\n<li>\n<h4>Understanding the Needs and Roles of Informal Carers\u2014 ICWE Project<\/h4>\n<p><a href=\"https:\/\/www.youtube.com\/watch?v=-o-lpmy8N8M&#038;list=PLZnuGBqr9W-juU9_4eRqI57T75sEi6xpM&#038;index=2\">WATCH VIDEO  \u2192 <\/a><\/p>\n<\/li>\n<li>\n<h4>Building Resilience and Well-Being for Informal Carers \u2014 ICWE Project<\/h4>\n<p><a href=\"https:\/\/www.youtube.com\/watch?v=0Q2TAzbcIRg&#038;list=PLZnuGBqr9W-juU9_4eRqI57T75sEi6xpM&#038;index=3\">WATCH VIDEO  \u2192 <\/a><\/p>\n<\/li>\n<li>\n<h4>Effective Communication &#038; Support Networks for Informal Carers \u2014 ICWE Project<\/h4>\n<p><a href=\"https:\/\/www.youtube.com\/watch?v=O7Zz55P9cK0&#038;list=PLZnuGBqr9W-juU9_4eRqI57T75sEi6xpM&#038;index=4\">WATCH VIDEO  \u2192 <\/a><\/p>\n<\/li>\n<li>\n<h4>Difficult caregiving situations \u2014 ICWE Project<\/h4>\n<p><a href=\"https:\/\/www.youtube.com\/watch?v=AMtYpb-pMkg&#038;list=PLZnuGBqr9W-juU9_4eRqI57T75sEi6xpM&#038;index=5\">WATCH VIDEO  \u2192 <\/a><\/p>\n<\/li>\n<li>\n<h4>Building a support network \u2014 ICWE Project<\/h4>\n<p><a href=\"https:\/\/www.youtube.com\/watch?v=aWTNtlMC4JQ&#038;list=PLZnuGBqr9W-juU9_4eRqI57T75sEi6xpM&#038;index=6\">WATCH VIDEO  \u2192 <\/a><\/p>\n<\/li>\n<\/ul>\n<h1>Kit de Ferramentas<\/h1>\n<div>\n<p>Este conjunto de ferramentas inclui informa\u00e7\u00f5es, recursos e ferramentas pr\u00e1ticas para os cuidadores informais. Tamb\u00e9m pode ser usado por educadores de adultos, profissionais de cuidados e organiza\u00e7\u00f5es envolvidas em cuidados de longa dura\u00e7\u00e3opara ajudar os CIs nas suas necessidades espec\u00edficas.<\/p>\n<\/div>\n<p><p>\n        <a href=\"https:\/\/icwe-project.eu\/wp-content\/uploads\/2026\/01\/ICWE_Toolkit_Final_PT.pdf\">DESCARREGAR O KIT DE FERRAMENTAS \u2192 <\/a>\n    <\/p>\n<\/p>\n<p><img decoding=\"async\" src=\"\/wp-content\/uploads\/2025\/12\/toolkit-illu@72x.png\" alt=\"\"><\/p>\n<h1>State of the art<\/h1>\n<div>\n<p>A comprehensive report will be developed regarding informal care, the specific needs and realities in partner \u2013 countries.<\/p>\n<\/div>\n<p><p>\n        <a href=\"https:\/\/icwe-project.eu\/wp-content\/uploads\/2025\/03\/ICWE_Relatorio_Transnacional_Grupos_de_Discussao_Focalizada_PT.pdf\">DOWNLOAD THE FULL REPORT  \u2192 <\/a>\n    <\/p>\n<\/p>\n<div>\n<h3>Summary Report Flipbook<\/h3>\n<p><a href=\"https:\/\/icwe-project.eu\/wp-content\/uploads\/2025\/02\/ICWE_Summary_of_the_Transnational_Report_Focus_Groups_20241022_PT.pdf\"><\/a><\/p>\n<\/div>\n<div>\n<h3>Summary Report Flipbook<\/h3>\n<p><a href=\"\/wp-content\/uploads\/2025\/02\/GR_-ICWE_Summary_of_the_Transnational_Report_Focus_Groups_20241022.pdf\"><\/a><\/p>\n<\/div>\n<div>\n<h3>Summary Report Flipbook<\/h3>\n<p><a href=\"\/wp-content\/uploads\/2025\/02\/ICWE_Summary_of_the_Transnational_Report_Focus_Groups_20241022_PT.pdf\"><\/a><\/p>\n<\/div>\n<div>\n<h3>Summary Report Flipbook<\/h3>\n<p><a href=\"\/wp-content\/uploads\/2025\/02\/ICWE_Summary_of_the_Transnational_Report_Focus_Groups_ITA.pdf\"><\/a><\/p>\n<\/div>\n<div>\n<h3>Summary Report Flipbook<\/h3>\n<p><a href=\"\/wp-content\/uploads\/2025\/02\/ICWE_Summary_of_the_Transnational_Report_Focus_Groups_20250109_de.docx.pdf\"><\/a><\/p>\n<\/div>\n<p><img decoding=\"async\" src=\"\/wp-content\/uploads\/2025\/02\/State-of-art.png\" alt=\"\"><\/p>\n<p><!--more--><br \/>\n<!-- {\"type\":\"layout\",\"children\":[{\"type\":\"section\",\"props\":{\"animation\":\"slide-bottom-small\",\"animation_delay\":\"100\",\"css\":\".el-section {\\n    background-color:#00A0E424;\\n}\",\"image_position\":\"center-center\",\"padding\":\"xsmall\",\"padding_remove_bottom\":true,\"style\":\"default\",\"title_breakpoint\":\"xl\",\"title_position\":\"top-left\",\"title_rotation\":\"left\",\"vertical_align\":\"middle\",\"width\":\"default\"},\"children\":[{\"type\":\"row\",\"children\":[{\"type\":\"column\",\"props\":{\"image_position\":\"center-center\",\"position_sticky_breakpoint\":\"m\"},\"children\":[{\"type\":\"headline\",\"props\":{\"content\":\"Collection of resources &amp; tools\",\"title_color\":\"success\",\"title_element\":\"h1\"}},{\"type\":\"text\",\"props\":{\"column_breakpoint\":\"m\",\"content\":\"\n\n<p>This is a collection of local\\\/national and international resources and organisations that can help Informal Carers.<\\\/p>\",\"margin\":\"default\",\"text_align\":\"left\",\"text_style\":\"lead\"}}]}]},{\"type\":\"row\",\"children\":[{\"type\":\"column\",\"props\":{\"image_position\":\"center-center\",\"position_sticky_breakpoint\":\"m\"},\"children\":[{\"type\":\"image\",\"props\":{\"image\":\"wp-content\\\/uploads\\\/2025\\\/02\\\/Collection-of-resources-tools.png\",\"image_svg_color\":\"emphasis\",\"margin\":\"default\"}}]}],\"props\":{\"alignment\":\"center\",\"padding_remove_horizontal\":false,\"width\":\"default\"}}],\"name\":\"Row1 - C of r & t\"},{\"type\":\"section\",\"props\":{\"css\":\".el-section {\\n    background-color:#00A0E444;\\n}\",\"image_position\":\"center-center\",\"padding\":\"small\",\"padding_remove_bottom\":false,\"padding_remove_top\":false,\"style\":\"default\",\"title_breakpoint\":\"xl\",\"title_position\":\"top-left\",\"title_rotation\":\"left\",\"vertical_align\":\"middle\",\"width\":\"default\"},\"children\":[{\"type\":\"row\",\"props\":{\"layout\":\"1-3,1-3,1-3\"},\"children\":[{\"type\":\"column\",\"props\":{\"image_position\":\"center-center\",\"position_sticky_breakpoint\":\"m\",\"width_default\":\"1-3\",\"width_medium\":\"1-3\"},\"children\":[{\"type\":\"headline\",\"props\":{\"class\":\"r-row1-t\",\"content\":\"Infographic\",\"link\":\"wp-content\\\/uploads\\\/2025\\\/02\\\/ICWE_Infographic_EN.pdf\",\"link_target\":true,\"text_align\":\"left\",\"title_color\":\"warning\",\"title_element\":\"h4\"}}]},{\"type\":\"column\",\"props\":{\"image_position\":\"center-center\",\"position_sticky_breakpoint\":\"m\",\"width_default\":\"1-3\",\"width_medium\":\"1-3\"},\"children\":[{\"type\":\"headline\",\"props\":{\"class\":\"r-row1-t\",\"content\":\"LTTA Summary Report\",\"link\":\"wp-content\\\/uploads\\\/2025\\\/11\\\/ICWE_Summary_Report_LTTA_EN.pdf\",\"link_target\":true,\"text_align\":\"left\",\"title_color\":\"warning\",\"title_element\":\"h4\"}}]},{\"type\":\"column\",\"props\":{\"image_position\":\"center-center\",\"position_sticky_breakpoint\":\"m\",\"width_default\":\"1-3\",\"width_medium\":\"1-3\"},\"children\":[{\"type\":\"headline\",\"props\":{\"class\":\"r-row1-t\",\"content\":\"Additional Resources\",\"link\":\"resources\\\/additional-resources\\\/\",\"link_target\":false,\"text_align\":\"left\",\"title_color\":\"warning\",\"title_element\":\"h4\"}}]}]},{\"type\":\"row\",\"children\":[{\"type\":\"column\",\"props\":{\"image_position\":\"center-center\",\"position_sticky_breakpoint\":\"m\"},\"children\":[{\"type\":\"headline\",\"props\":{\"content\":\"Youtube Channel Links\",\"title_element\":\"h4\",\"title_style\":\"h4\"}},{\"type\":\"grid\",\"props\":{\"content_column_breakpoint\":\"m\",\"filter_align\":\"left\",\"filter_all\":true,\"filter_grid_breakpoint\":\"m\",\"filter_grid_width\":\"auto\",\"filter_position\":\"top\",\"filter_style\":\"tab\",\"grid_default\":\"1\",\"grid_medium\":\"3\",\"icon_width\":80,\"image_align\":\"top\",\"image_grid_breakpoint\":\"m\",\"image_grid_width\":\"1-2\",\"image_svg_color\":\"emphasis\",\"item_animation\":true,\"lightbox_bg_close\":true,\"link_style\":\"primary\",\"link_target\":true,\"link_text\":\"WATCH VIDEO  \\u2192 \",\"margin\":\"default\",\"meta_align\":\"below-title\",\"meta_element\":\"div\",\"meta_style\":\"text-meta\",\"panel_padding\":\"small\",\"panel_style\":\"card-default\",\"show_content\":true,\"show_hover_image\":true,\"show_hover_video\":true,\"show_image\":true,\"show_link\":true,\"show_meta\":true,\"show_title\":true,\"show_video\":true,\"title_align\":\"top\",\"title_color\":\"warning\",\"title_element\":\"h4\",\"title_grid_breakpoint\":\"m\",\"title_grid_width\":\"1-2\",\"title_hover_style\":\"reset\",\"title_style\":\"text-lead\"},\"children\":[{\"type\":\"grid_item\",\"props\":{\"link\":\"https:\\\/\\\/www.youtube.com\\\/watch?v=exH5oUD-it4&list=PLZnuGBqr9W-juU9_4eRqI57T75sEi6xpM&index=7\",\"title\":\"Introduction to the ICWE Project \\u2014 Empowering Informal Carers for Better Well-Being\"}},{\"type\":\"grid_item\",\"props\":{\"link\":\"https:\\\/\\\/www.youtube.com\\\/watch?v=-o-lpmy8N8M&list=PLZnuGBqr9W-juU9_4eRqI57T75sEi6xpM&index=2\",\"title\":\"Understanding the Needs and Roles of Informal Carers\\u2014 ICWE Project\"}},{\"type\":\"grid_item\",\"props\":{\"link\":\"https:\\\/\\\/www.youtube.com\\\/watch?v=0Q2TAzbcIRg&list=PLZnuGBqr9W-juU9_4eRqI57T75sEi6xpM&index=3\",\"title\":\"Building Resilience and Well-Being for Informal Carers \\u2014 ICWE Project\"}},{\"type\":\"grid_item\",\"props\":{\"link\":\"https:\\\/\\\/www.youtube.com\\\/watch?v=O7Zz55P9cK0&list=PLZnuGBqr9W-juU9_4eRqI57T75sEi6xpM&index=4\",\"title\":\"Effective Communication & Support Networks for Informal Carers \\u2014 ICWE Project\"}},{\"type\":\"grid_item\",\"props\":{\"link\":\"https:\\\/\\\/www.youtube.com\\\/watch?v=AMtYpb-pMkg&list=PLZnuGBqr9W-juU9_4eRqI57T75sEi6xpM&index=5\",\"title\":\"Difficult caregiving situations \\u2014 ICWE Project\"}},{\"type\":\"grid_item\",\"props\":{\"link\":\"https:\\\/\\\/www.youtube.com\\\/watch?v=aWTNtlMC4JQ&list=PLZnuGBqr9W-juU9_4eRqI57T75sEi6xpM&index=6\",\"title\":\"Building a support network \\u2014 ICWE Project\"}}],\"name\":\"Youtube links\"}]}]}],\"name\":\"Color-divider-headlines\"},{\"type\":\"section\",\"props\":{\"animation\":\"slide-bottom-small\",\"animation_delay\":\"200\",\"css\":\".el-section {\\n    background-color:#009D9524;\\n}\",\"image_position\":\"center-center\",\"image_size\":\"height-1-1\",\"media_background\":\"rgba(0, 157, 149, 0.24)\",\"padding\":\"small\",\"padding_remove_bottom\":true,\"padding_remove_top\":false,\"style\":\"default\",\"title_breakpoint\":\"xl\",\"title_position\":\"top-left\",\"title_rotation\":\"left\",\"vertical_align\":\"middle\",\"width\":\"default\"},\"children\":[{\"type\":\"row\",\"children\":[{\"type\":\"column\",\"props\":{\"image_position\":\"center-center\",\"position_sticky_breakpoint\":\"m\"},\"children\":[{\"type\":\"headline\",\"props\":{\"content\":\"Toolkit\",\"title_color\":\"success\",\"title_element\":\"h1\"}},{\"type\":\"text\",\"props\":{\"column_breakpoint\":\"m\",\"content\":\"\n\n<p>This toolkit will involve information, resources and practical tools for Informal Carers. It can also be used by adult educators, care workers and organizations involved in LTC to assist ICs in their specific needs.<\\\/p>\",\"margin\":\"default\",\"text_style\":\"lead\"}},{\"type\":\"button\",\"props\":{\"grid_column_gap\":\"small\",\"grid_row_gap\":\"small\",\"margin\":\"default\"},\"children\":[{\"type\":\"button_item\",\"props\":{\"button_style\":\"primary\",\"content\":\"DOWNLOAD THE TOOLKIT \\u2192 \",\"dialog_layout\":\"modal\",\"dialog_offcanvas_flip\":true,\"icon_align\":\"left\",\"link\":\"wp-content\\\/uploads\\\/2025\\\/12\\\/ICWE_Toolkit-Final.pdf\",\"link_target\":\"blank\"}}]}]}]},{\"type\":\"row\",\"children\":[{\"type\":\"column\",\"props\":{\"image_position\":\"center-center\",\"position_sticky_breakpoint\":\"m\"},\"children\":[{\"type\":\"image\",\"props\":{\"image\":\"wp-content\\\/uploads\\\/2025\\\/12\\\/toolkit-illu@72x.png\",\"image_svg_color\":\"emphasis\",\"margin\":\"default\"}}]}],\"props\":{\"width\":\"small\"}}],\"name\":\"R2 - T\"},{\"type\":\"section\",\"props\":{\"css\":\".el-section {\\n    background-color:#009D9564;\\n}\",\"image_position\":\"center-center\",\"padding\":\"small\",\"style\":\"default\",\"title_breakpoint\":\"xl\",\"title_position\":\"top-left\",\"title_rotation\":\"left\",\"vertical_align\":\"middle\",\"width\":\"default\"},\"children\":[{\"type\":\"row\",\"children\":[{\"type\":\"column\",\"props\":{\"image_position\":\"center-center\",\"position_sticky_breakpoint\":\"m\"}}]}],\"name\":\"color-divider\"},{\"type\":\"section\",\"props\":{\"animation\":\"slide-bottom-small\",\"animation_delay\":\"300\",\"css\":\".el-section {\\n    background-color:#00A0E424;\\n}\",\"image\":\"wp-content\\\/uploads\\\/2024\\\/06\\\/Asset-9.png\",\"image_position\":\"center-center\",\"padding\":\"small\",\"padding_remove_bottom\":true,\"style\":\"default\",\"title_breakpoint\":\"xl\",\"title_position\":\"top-left\",\"title_rotation\":\"left\",\"vertical_align\":\"middle\",\"width\":\"default\"},\"children\":[{\"type\":\"row\",\"children\":[{\"type\":\"column\",\"props\":{\"image_position\":\"center-center\",\"position_sticky_breakpoint\":\"m\"},\"children\":[{\"type\":\"headline\",\"props\":{\"content\":\"State of the art\",\"title_color\":\"success\",\"title_element\":\"h1\"}},{\"type\":\"text\",\"props\":{\"column_breakpoint\":\"m\",\"content\":\"\n\n<p>A comprehensive report will be developed regarding informal care, the specific needs and realities in partner \\u2013 countries.<\\\/p>\",\"margin\":\"default\",\"text_style\":\"lead\"}},{\"type\":\"button\",\"props\":{\"grid_column_gap\":\"small\",\"grid_row_gap\":\"small\",\"margin\":\"default\"},\"children\":[{\"type\":\"button_item\",\"props\":{\"button_style\":\"primary\",\"content\":\"DOWNLOAD THE FULL REPORT  \\u2192 \",\"dialog_layout\":\"modal\",\"dialog_offcanvas_flip\":true,\"icon_align\":\"left\",\"link\":\"wp-content\\\/uploads\\\/2025\\\/03\\\/ICWE_Transnational-Report_Focus-Groups_FV.pdf\",\"link_target\":\"blank\"}}]}]}]},{\"type\":\"row\",\"children\":[{\"type\":\"column\",\"props\":{\"image_position\":\"center-center\",\"position_sticky_breakpoint\":\"m\"},\"children\":[{\"type\":\"djflipbook\",\"props\":{\"class\":\"flipbook-en\",\"content_column_breakpoint\":\"m\",\"grid_default\":\"1\",\"grid_medium\":\"1\",\"icon_width\":80,\"image_align\":\"top\",\"image_grid_breakpoint\":\"m\",\"image_grid_width\":\"1-2\",\"image_svg_color\":\"emphasis\",\"item_animation\":\"\",\"margin\":\"default\",\"meta_align\":\"below-title\",\"meta_element\":\"div\",\"meta_style\":\"meta\",\"show_content\":true,\"show_image\":true,\"show_link\":true,\"show_meta\":true,\"show_title\":true,\"text_align\":\"left\",\"title_align\":\"top\",\"title_color\":\"warning\",\"title_element\":\"h3\",\"title_grid_breakpoint\":\"m\",\"title_grid_width\":\"1-2\",\"title_hover_style\":\"reset\"},\"children\":[{\"type\":\"flipbook_item\",\"props\":{\"link\":\"\\\/wp-content\\\/uploads\\\/2025\\\/02\\\/ICWE_Summary_of_the_Transnational_Report_Focus_Groups_20250109.docx.pdf\",\"title\":\"Summary Report Flipbook\"}}],\"name\":\"EN\"}]}]},{\"type\":\"row\",\"children\":[{\"type\":\"column\",\"props\":{\"image_position\":\"center-center\",\"position_sticky_breakpoint\":\"m\"},\"children\":[{\"type\":\"djflipbook\",\"props\":{\"class\":\"flipbook-el\",\"content_column_breakpoint\":\"m\",\"grid_default\":\"1\",\"grid_medium\":\"1\",\"icon_width\":80,\"image_align\":\"top\",\"image_grid_breakpoint\":\"m\",\"image_grid_width\":\"1-2\",\"image_svg_color\":\"emphasis\",\"item_animation\":\"\",\"margin\":\"default\",\"meta_align\":\"below-title\",\"meta_element\":\"div\",\"meta_style\":\"meta\",\"show_content\":true,\"show_image\":true,\"show_link\":true,\"show_meta\":true,\"show_title\":true,\"text_align\":\"left\",\"title_align\":\"top\",\"title_color\":\"warning\",\"title_element\":\"h3\",\"title_grid_breakpoint\":\"m\",\"title_grid_width\":\"1-2\",\"title_hover_style\":\"reset\"},\"children\":[{\"type\":\"flipbook_item\",\"props\":{\"link\":\"\\\/wp-content\\\/uploads\\\/2025\\\/02\\\/GR_-ICWE_Summary_of_the_Transnational_Report_Focus_Groups_20241022.pdf\",\"title\":\"Summary Report Flipbook\"}}],\"name\":\"EL\"}]}]},{\"type\":\"row\",\"children\":[{\"type\":\"column\",\"props\":{\"image_position\":\"center-center\",\"position_sticky_breakpoint\":\"m\"},\"children\":[{\"type\":\"djflipbook\",\"props\":{\"class\":\"flipbook-pt\",\"content_column_breakpoint\":\"m\",\"grid_default\":\"1\",\"grid_medium\":\"1\",\"icon_width\":80,\"image_align\":\"top\",\"image_grid_breakpoint\":\"m\",\"image_grid_width\":\"1-2\",\"image_svg_color\":\"emphasis\",\"item_animation\":\"\",\"margin\":\"default\",\"meta_align\":\"below-title\",\"meta_element\":\"div\",\"meta_style\":\"meta\",\"show_content\":true,\"show_image\":true,\"show_link\":true,\"show_meta\":true,\"show_title\":true,\"text_align\":\"left\",\"title_align\":\"top\",\"title_color\":\"warning\",\"title_element\":\"h3\",\"title_grid_breakpoint\":\"m\",\"title_grid_width\":\"1-2\",\"title_hover_style\":\"reset\"},\"children\":[{\"type\":\"flipbook_item\",\"props\":{\"link\":\"\\\/wp-content\\\/uploads\\\/2025\\\/02\\\/ICWE_Summary_of_the_Transnational_Report_Focus_Groups_20241022_PT.pdf\",\"title\":\"Summary Report Flipbook\"}}],\"name\":\"PT\"}]}]},{\"type\":\"row\",\"children\":[{\"type\":\"column\",\"props\":{\"image_position\":\"center-center\",\"position_sticky_breakpoint\":\"m\"},\"children\":[{\"type\":\"djflipbook\",\"props\":{\"class\":\"flipbook-it\",\"content_column_breakpoint\":\"m\",\"grid_default\":\"1\",\"grid_medium\":\"1\",\"icon_width\":80,\"image_align\":\"top\",\"image_grid_breakpoint\":\"m\",\"image_grid_width\":\"1-2\",\"image_svg_color\":\"emphasis\",\"item_animation\":\"\",\"margin\":\"default\",\"meta_align\":\"below-title\",\"meta_element\":\"div\",\"meta_style\":\"meta\",\"show_content\":true,\"show_image\":true,\"show_link\":true,\"show_meta\":true,\"show_title\":true,\"text_align\":\"left\",\"title_align\":\"top\",\"title_color\":\"warning\",\"title_element\":\"h3\",\"title_grid_breakpoint\":\"m\",\"title_grid_width\":\"1-2\",\"title_hover_style\":\"reset\"},\"children\":[{\"type\":\"flipbook_item\",\"props\":{\"link\":\"\\\/wp-content\\\/uploads\\\/2025\\\/02\\\/ICWE_Summary_of_the_Transnational_Report_Focus_Groups_ITA.pdf\",\"title\":\"Summary Report Flipbook\"}}],\"name\":\"IT\"}]}]},{\"type\":\"row\",\"children\":[{\"type\":\"column\",\"props\":{\"image_position\":\"center-center\",\"position_sticky_breakpoint\":\"m\"},\"children\":[{\"type\":\"djflipbook\",\"props\":{\"class\":\"flipbook-de\",\"content_column_breakpoint\":\"m\",\"grid_default\":\"1\",\"grid_medium\":\"1\",\"icon_width\":80,\"image_align\":\"top\",\"image_grid_breakpoint\":\"m\",\"image_grid_width\":\"1-2\",\"image_svg_color\":\"emphasis\",\"item_animation\":\"\",\"margin\":\"default\",\"meta_align\":\"below-title\",\"meta_element\":\"div\",\"meta_style\":\"meta\",\"show_content\":true,\"show_image\":true,\"show_link\":true,\"show_meta\":true,\"show_title\":true,\"text_align\":\"left\",\"title_align\":\"top\",\"title_color\":\"warning\",\"title_element\":\"h3\",\"title_grid_breakpoint\":\"m\",\"title_grid_width\":\"1-2\",\"title_hover_style\":\"reset\"},\"children\":[{\"type\":\"flipbook_item\",\"props\":{\"link\":\"\\\/wp-content\\\/uploads\\\/2025\\\/02\\\/ICWE_Summary_of_the_Transnational_Report_Focus_Groups_20250109_de.docx.pdf\",\"title\":\"Summary Report Flipbook\"}}],\"name\":\"DE\"}]}]},{\"type\":\"row\",\"children\":[{\"type\":\"column\",\"props\":{\"image_position\":\"center-center\",\"position_sticky_breakpoint\":\"m\"},\"children\":[{\"type\":\"totop\",\"props\":{\"margin\":\"default\",\"text_align\":\"center\",\"title_grid_column_gap\":\"small\",\"title_grid_row_gap\":\"small\"}}]}]},{\"type\":\"row\",\"children\":[{\"type\":\"column\",\"props\":{\"image_position\":\"center-center\",\"position_sticky_breakpoint\":\"m\"},\"children\":[{\"type\":\"image\",\"props\":{\"class\":\"sotart-img\",\"image\":\"wp-content\\\/uploads\\\/2025\\\/02\\\/State-of-art.png\",\"image_svg_color\":\"emphasis\",\"image_width\":425,\"margin\":\"default\"}}]}],\"props\":{\"width\":\"small\"}}],\"name\":\"r3 - S of t a\"},{\"type\":\"section\",\"props\":{\"css\":\".el-section {\\n    background-color:#00A0E444;\\n}\",\"image_position\":\"center-center\",\"padding\":\"small\",\"style\":\"default\",\"title_breakpoint\":\"xl\",\"title_position\":\"top-left\",\"title_rotation\":\"left\",\"vertical_align\":\"middle\",\"width\":\"default\"},\"children\":[{\"type\":\"row\",\"children\":[{\"type\":\"column\",\"props\":{\"image_position\":\"center-center\",\"position_sticky_breakpoint\":\"m\"}}]}],\"name\":\"color-divider\"}],\"version\":\"4.5.32\"} --><\/p>","protected":false},"excerpt":{"rendered":"<p>Collection of resources &amp; tools This is a collection of local\/national and international resources and organisations that can help Informal Carers. Infographic LTTA Summary Report..<\/p>","protected":false},"author":1,"featured_media":0,"parent":0,"menu_order":0,"comment_status":"closed","ping_status":"closed","template":"","meta":{"_acf_changed":false,"inline_featured_image":false,"footnotes":""},"class_list":["post-19","page","type-page","status-publish","hentry"],"acf":[],"_links":{"self":[{"href":"https:\/\/icwe-project.eu\/pt\/wp-json\/wp\/v2\/pages\/19","targetHints":{"allow":["GET"]}}],"collection":[{"href":"https:\/\/icwe-project.eu\/pt\/wp-json\/wp\/v2\/pages"}],"about":[{"href":"https:\/\/icwe-project.eu\/pt\/wp-json\/wp\/v2\/types\/page"}],"author":[{"embeddable":true,"href":"https:\/\/icwe-project.eu\/pt\/wp-json\/wp\/v2\/users\/1"}],"replies":[{"embeddable":true,"href":"https:\/\/icwe-project.eu\/pt\/wp-json\/wp\/v2\/comments?post=19"}],"version-history":[{"count":89,"href":"https:\/\/icwe-project.eu\/pt\/wp-json\/wp\/v2\/pages\/19\/revisions"}],"predecessor-version":[{"id":1236,"href":"https:\/\/icwe-project.eu\/pt\/wp-json\/wp\/v2\/pages\/19\/revisions\/1236"}],"wp:attachment":[{"href":"https:\/\/icwe-project.eu\/pt\/wp-json\/wp\/v2\/media?parent=19"}],"curies":[{"name":"wp","href":"https:\/\/api.w.org\/{rel}","templated":true}]}}